{"id":18,"date":"2025-02-20T09:47:04","date_gmt":"2025-02-20T09:47:04","guid":{"rendered":"https:\/\/skolimki.7szkola.pl\/?page_id=18"},"modified":"2025-03-13T10:48:35","modified_gmt":"2025-03-13T10:48:35","slug":"o-nas","status":"publish","type":"page","link":"https:\/\/skolimki.7szkola.pl\/index.php\/o-nas\/","title":{"rendered":"O Nas"},"content":{"rendered":"\n<p>Jeste\u015bmy trzema kole\u017cankami z jednej klasy i musimy zrobi\u0107 stron\u0119 internetow\u0105 na zadanie z informatyki<\/p>\n\n\n\n<p>Kontakt (instagram):<\/p>\n\n\n\n<p>@mil4.g<\/p>\n\n\n\n<p>@pola_klohes<\/p>\n\n\n\n<p>@haniaa_patury<\/p>\n\n\n\n<p><\/p>\n","protected":false},"excerpt":{"rendered":"<p>Jeste\u015bmy trzema kole\u017cankami z jednej klasy i musimy zrobi\u0107 stron\u0119 internetow\u0105 na zadanie z informatyki Kontakt (instagram): @mil4.g @pola_klohes @haniaa_patury<\/p>\n","protected":false},"author":1,"featured_media":0,"parent":0,"menu_order":0,"comment_status":"closed","ping_status":"closed","template":"","meta":{"footnotes":""},"class_list":["post-18","page","type-page","status-publish","hentry","latest_post"],"_links":{"self":[{"href":"https:\/\/skolimki.7szkola.pl\/index.php\/wp-json\/wp\/v2\/pages\/18","targetHints":{"allow":["GET"]}}],"collection":[{"href":"https:\/\/skolimki.7szkola.pl\/index.php\/wp-json\/wp\/v2\/pages"}],"about":[{"href":"https:\/\/skolimki.7szkola.pl\/index.php\/wp-json\/wp\/v2\/types\/page"}],"author":[{"embeddable":true,"href":"https:\/\/skolimki.7szkola.pl\/index.php\/wp-json\/wp\/v2\/users\/1"}],"replies":[{"embeddable":true,"href":"https:\/\/skolimki.7szkola.pl\/index.php\/wp-json\/wp\/v2\/comments?post=18"}],"version-history":[{"count":3,"href":"https:\/\/skolimki.7szkola.pl\/index.php\/wp-json\/wp\/v2\/pages\/18\/revisions"}],"predecessor-version":[{"id":146,"href":"https:\/\/skolimki.7szkola.pl\/index.php\/wp-json\/wp\/v2\/pages\/18\/revisions\/146"}],"wp:attachment":[{"href":"https:\/\/skolimki.7szkola.pl\/index.php\/wp-json\/wp\/v2\/media?parent=18"}],"curies":[{"name":"wp","href":"https:\/\/api.w.org\/{rel}","templated":true}]}}