{"id":19,"date":"2025-02-20T09:47:04","date_gmt":"2025-02-20T09:47:04","guid":{"rendered":"https:\/\/skolimki.7szkola.pl\/?page_id=19"},"modified":"2025-02-27T09:53:27","modified_gmt":"2025-02-27T09:53:27","slug":"piosenki","status":"publish","type":"page","link":"https:\/\/skolimki.7szkola.pl\/index.php\/piosenki\/","title":{"rendered":"Piosenki"},"content":{"rendered":"\n<p>Skolim\u00a0znany jest pod przydomkiem kr\u00f3l latino i co rusz raczy nas kolejnymi energicznymi kawa\u0142kami, a ka\u017cdy kolejny numer cieszy si\u0119 du\u017c\u0105 s\u0142uchalno\u015bci\u0105 (milionowe wyniki na YouTube m\u00f3wi\u0105 same za siebie). My za\u015b postanowili\u015bmy przyjrze\u0107 si\u0119 jego dotychczasowej tw\u00f3rczo\u015bci i wy\u0142oni\u0107\u00a0Top 5 absolutnie najpopularniejszych piosenek, kt\u00f3rych s\u0142ucha\u0107 mogliby\u015bmy godzinami. Na Spotify Skolim ma oko\u0142o miliona s\u0142uchaczy miesi\u0119cznie co jest naprawd\u0119 bardzo dobrym wynikiem jak na polsk\u0105 scen\u0119 muzyczn\u0105.<\/p>\n\n\n\n<p>Najwi\u0119kszy hit Skolima to zdecydowanie &#8222;Wygl\u0105dasz idealnie&#8221;. Teledysk tej piosenki na platformie Youtube zebra\u0142 ponad<strong> 223 <\/strong>miliony wy\u015bwietle\u0144 w przeci\u0105gu niespe\u0142na dw\u00f3ch lat.<\/p>\n\n\n\n<p>Kolejnymi piosenkami kt\u00f3re najbardziej wybijaj\u0105 si\u0119 na tle innych s\u0105 &#8222;Temperatura&#8221;, &#8222;BEBECITA&#8221;, &#8222;Nie dzwo\u0144 do mnie ma\u0142a&#8221;, &#8222;WEJDE WYJDE&#8221; i &#8222;Palermo&#8221;. Ka\u017cdy z tych teledysk\u00f3w przebi\u0142 granice 30 milion\u00f3w wy\u015bwietle\u0144! <\/p>\n\n\n\n<p>A jaka jest twoja ulubiona piosenka kr\u00f3la latino? Kliknij w link poni\u017cej, pos\u0142uchaj i przekonaj si\u0119 sam!<\/p>\n\n\n\n<p><\/p>\n\n\n\n<figure class=\"wp-block-embed is-type-rich is-provider-spotify wp-block-embed-spotify wp-embed-aspect-21-9 wp-has-aspect-ratio\"><div class=\"wp-block-embed__wrapper\">\n<iframe title=\"Spotify Embed: Skolim\" style=\"border-radius: 12px\" width=\"100%\" height=\"352\" frameborder=\"0\" allowfullscreen allow=\"autoplay; clipboard-write; encrypted-media; fullscreen; picture-in-picture\" loading=\"lazy\" src=\"https:\/\/open.spotify.com\/embed\/artist\/3RJrimoFyTK3SoTF4TaDSA?go=1&#038;sp_cid=2c45d0d438c4f4894e6716b968b0df62&#038;utm_source=oembed&#038;utm_medium=desktop&#038;nd=1&#038;dlsi=ccfb495449b14303\"><\/iframe>\n<\/div><\/figure>\n","protected":false},"excerpt":{"rendered":"<p>Skolim\u00a0znany jest pod przydomkiem kr\u00f3l latino i co rusz raczy nas kolejnymi energicznymi kawa\u0142kami, a ka\u017cdy kolejny numer cieszy si\u0119 du\u017c\u0105 s\u0142uchalno\u015bci\u0105 (milionowe wyniki na YouTube m\u00f3wi\u0105 same za siebie). My za\u015b postanowili\u015bmy przyjrze\u0107 si\u0119 jego dotychczasowej tw\u00f3rczo\u015bci i wy\u0142oni\u0107\u00a0Top &hellip; <\/p>\n","protected":false},"author":1,"featured_media":0,"parent":0,"menu_order":0,"comment_status":"closed","ping_status":"closed","template":"","meta":{"footnotes":""},"class_list":["post-19","page","type-page","status-publish","hentry","latest_post"],"_links":{"self":[{"href":"https:\/\/skolimki.7szkola.pl\/index.php\/wp-json\/wp\/v2\/pages\/19","targetHints":{"allow":["GET"]}}],"collection":[{"href":"https:\/\/skolimki.7szkola.pl\/index.php\/wp-json\/wp\/v2\/pages"}],"about":[{"href":"https:\/\/skolimki.7szkola.pl\/index.php\/wp-json\/wp\/v2\/types\/page"}],"author":[{"embeddable":true,"href":"https:\/\/skolimki.7szkola.pl\/index.php\/wp-json\/wp\/v2\/users\/1"}],"replies":[{"embeddable":true,"href":"https:\/\/skolimki.7szkola.pl\/index.php\/wp-json\/wp\/v2\/comments?post=19"}],"version-history":[{"count":10,"href":"https:\/\/skolimki.7szkola.pl\/index.php\/wp-json\/wp\/v2\/pages\/19\/revisions"}],"predecessor-version":[{"id":129,"href":"https:\/\/skolimki.7szkola.pl\/index.php\/wp-json\/wp\/v2\/pages\/19\/revisions\/129"}],"wp:attachment":[{"href":"https:\/\/skolimki.7szkola.pl\/index.php\/wp-json\/wp\/v2\/media?parent=19"}],"curies":[{"name":"wp","href":"https:\/\/api.w.org\/{rel}","templated":true}]}}