{"id":23,"date":"2025-02-20T09:47:04","date_gmt":"2025-02-20T09:47:04","guid":{"rendered":"https:\/\/skolimki.7szkola.pl\/?page_id=23"},"modified":"2025-03-13T10:46:00","modified_gmt":"2025-03-13T10:46:00","slug":"trasa-koncertowa","status":"publish","type":"page","link":"https:\/\/skolimki.7szkola.pl\/index.php\/trasa-koncertowa\/","title":{"rendered":"Koncerty"},"content":{"rendered":"\n<p>Skolim to ewenement w skali kraju, kt\u00f3ry gra nawet po cztery koncerty dziennie. Ilo\u015b\u0107 zrobionych wyst\u0119p\u00f3w w 2024 roku niejednego przyprawi o zawr\u00f3t g\u0142owy.<\/p>\n\n\n\n<p>Skolimowski zwykle gra od jednego do trzech koncert\u00f3w dziennie podczas intensywnych tras koncertowych. Najbardziej zapracowanym miesi\u0105cem by\u0142 dla niego sierpie\u0144, kiedy zagra\u0142 bagatela 61 koncert\u00f3w.<br>Jak informuje GlamRap.pl, w ca\u0142ym 2024 roku Skolim da\u0142 458 koncert\u00f3w. W samej Cz\u0119stochowie by\u0142 12 razy, a \u015al\u0105sk odwiedzi\u0142 ponad 50 razy.<\/p>\n\n\n\n<p>Skolima mogli\u015bmy us\u0142ysze\u0107 m.in. na Sylwestrze Polsatu. W rozmowie z telewizj\u0105 muzyk ujawni\u0142 swoje plany na ten rok, zdradzaj\u0105c, \u017ce pracuje nad p\u0142yt\u0105.<\/p>\n\n\n\n<ul class=\"wp-block-list\">\n<li>Moje postanowienie jest takie, \u017ceby nie odk\u0142ada\u0107 marze\u0144 ani obowi\u0105zk\u00f3w na p\u00f3\u017aniej. Wydam w tym roku pi\u0119\u0107 nowych utwor\u00f3w i zaczynam produkowa\u0107 materia\u0142 na p\u0142yt\u0119. Ju\u017c mog\u0119 zdradzi\u0107, \u017ce jej tytu\u0142 b\u0119dzie brzmia\u0142: \u201eSKOLIM96&#8243; &#8211; zapowiedzia\u0142.<\/li>\n<\/ul>\n\n\n\n<p>Jak podaje Koncertomania, na 2025 rok Skolim ma ju\u017c zabookowanych ok. 100 koncert\u00f3w!!<\/p>\n\n\n\n<p><a href=\"https:\/\/www.koncertomania.pl\/skolim\/koncerty\" target=\"_blank\" rel=\"noreferrer noopener\">SPRAWD\u0179 NAJBLI\u017bSZE KONCERTY TUTAJ!<\/a><\/p>\n\n\n\n<figure class=\"wp-block-embed is-type-video is-provider-youtube wp-block-embed-youtube wp-embed-aspect-16-9 wp-has-aspect-ratio\"><div class=\"wp-block-embed__wrapper\">\n<iframe loading=\"lazy\" title=\"SKOLIM  -  THE BEST (2023) MEGA #Koncert - SKIERNIEWICE - (#live) - THE STAR\" width=\"790\" height=\"444\" src=\"https:\/\/www.youtube.com\/embed\/-wUXw8_4kQw?start=1&#038;feature=oembed\" frameborder=\"0\" allow=\"accelerometer; autoplay; clipboard-write; encrypted-media; gyroscope; picture-in-picture; web-share\" referrerpolicy=\"strict-origin-when-cross-origin\" allowfullscreen><\/iframe>\n<\/div><\/figure>\n","protected":false},"excerpt":{"rendered":"<p>Skolim to ewenement w skali kraju, kt\u00f3ry gra nawet po cztery koncerty dziennie. Ilo\u015b\u0107 zrobionych wyst\u0119p\u00f3w w 2024 roku niejednego przyprawi o zawr\u00f3t g\u0142owy. Skolimowski zwykle gra od jednego do trzech koncert\u00f3w dziennie podczas intensywnych tras koncertowych. Najbardziej zapracowanym miesi\u0105cem &hellip; <\/p>\n","protected":false},"author":1,"featured_media":0,"parent":0,"menu_order":0,"comment_status":"closed","ping_status":"closed","template":"","meta":{"footnotes":""},"class_list":["post-23","page","type-page","status-publish","hentry","latest_post"],"_links":{"self":[{"href":"https:\/\/skolimki.7szkola.pl\/index.php\/wp-json\/wp\/v2\/pages\/23","targetHints":{"allow":["GET"]}}],"collection":[{"href":"https:\/\/skolimki.7szkola.pl\/index.php\/wp-json\/wp\/v2\/pages"}],"about":[{"href":"https:\/\/skolimki.7szkola.pl\/index.php\/wp-json\/wp\/v2\/types\/page"}],"author":[{"embeddable":true,"href":"https:\/\/skolimki.7szkola.pl\/index.php\/wp-json\/wp\/v2\/users\/1"}],"replies":[{"embeddable":true,"href":"https:\/\/skolimki.7szkola.pl\/index.php\/wp-json\/wp\/v2\/comments?post=23"}],"version-history":[{"count":8,"href":"https:\/\/skolimki.7szkola.pl\/index.php\/wp-json\/wp\/v2\/pages\/23\/revisions"}],"predecessor-version":[{"id":187,"href":"https:\/\/skolimki.7szkola.pl\/index.php\/wp-json\/wp\/v2\/pages\/23\/revisions\/187"}],"wp:attachment":[{"href":"https:\/\/skolimki.7szkola.pl\/index.php\/wp-json\/wp\/v2\/media?parent=23"}],"curies":[{"name":"wp","href":"https:\/\/api.w.org\/{rel}","templated":true}]}}