{"id":24,"date":"2025-02-20T09:47:04","date_gmt":"2025-02-20T09:47:04","guid":{"rendered":"https:\/\/skolimki.7szkola.pl\/?page_id=24"},"modified":"2025-02-27T09:57:30","modified_gmt":"2025-02-27T09:57:30","slug":"biografia","status":"publish","type":"page","link":"https:\/\/skolimki.7szkola.pl\/index.php\/biografia\/","title":{"rendered":"Biografia"},"content":{"rendered":"\n<p>Konrad Skolimowski, znany jako Skolim, urodzi\u0142 si\u0119 9 pa\u017adziernika 1996 roku w \u0141ukowie. Jest wszechstronnym artyst\u0105: piosenkarzem, aktorem telewizyjnym oraz zawodnikiem freak fight. Popularno\u015b\u0107 zdoby\u0142 dzi\u0119ki roli Patryka w serialu &#8222;Barwy szcz\u0119\u015bcia&#8221; oraz przebojowi &#8222;Wygl\u0105dasz idealnie&#8221;, kt\u00f3ry osi\u0105gn\u0105\u0142 ponad 207 milion\u00f3w wy\u015bwietle\u0144 na YouTube.<\/p>\n\n\n\n<p>W pa\u017adzierniku 2024 roku wyda\u0142 debiutancki album &#8222;Kr\u00f3l Latino&#8221;, kt\u00f3ry w dniu premiery uzyska\u0142 status diamentowej p\u0142yty za sprzeda\u017c 150 tysi\u0119cy egzemplarzy.<\/p>\n\n\n\n<figure class=\"wp-block-image size-large is-resized\"><img loading=\"lazy\" decoding=\"async\" width=\"724\" height=\"1024\" src=\"https:\/\/skolimki.7szkola.pl\/wp-content\/uploads\/2025\/02\/latino-724x1024.jpg\" alt=\"\" class=\"wp-image-132\" style=\"width:346px;height:auto\" srcset=\"https:\/\/skolimki.7szkola.pl\/wp-content\/uploads\/2025\/02\/latino-724x1024.jpg 724w, https:\/\/skolimki.7szkola.pl\/wp-content\/uploads\/2025\/02\/latino-212x300.jpg 212w, https:\/\/skolimki.7szkola.pl\/wp-content\/uploads\/2025\/02\/latino-768x1086.jpg 768w, https:\/\/skolimki.7szkola.pl\/wp-content\/uploads\/2025\/02\/latino-42x60.jpg 42w, https:\/\/skolimki.7szkola.pl\/wp-content\/uploads\/2025\/02\/latino.jpg 905w\" sizes=\"auto, (max-width: 724px) 100vw, 724px\" \/><\/figure>\n\n\n\n<p>Skolim jest r\u00f3wnie\u017c aktywny w sportach walki; w 2022 roku zadebiutowa\u0142 w Prime Show MMA, pokonuj\u0105c Jasia Kapel\u0119 przez techniczny nokaut.<\/p>\n\n\n\n<figure class=\"wp-block-image size-full is-resized\"><img loading=\"lazy\" decoding=\"async\" width=\"1024\" height=\"576\" src=\"https:\/\/skolimki.7szkola.pl\/wp-content\/uploads\/2025\/02\/walka-1.png\" alt=\"\" class=\"wp-image-131\" style=\"width:598px;height:auto\" srcset=\"https:\/\/skolimki.7szkola.pl\/wp-content\/uploads\/2025\/02\/walka-1.png 1024w, https:\/\/skolimki.7szkola.pl\/wp-content\/uploads\/2025\/02\/walka-1-300x169.png 300w, https:\/\/skolimki.7szkola.pl\/wp-content\/uploads\/2025\/02\/walka-1-768x432.png 768w, https:\/\/skolimki.7szkola.pl\/wp-content\/uploads\/2025\/02\/walka-1-107x60.png 107w\" sizes=\"auto, (max-width: 1024px) 100vw, 1024px\" \/><\/figure>\n\n\n\n<p><\/p>\n\n\n\n<p>Prywatnie zwi\u0105zany jest z Aleksandr\u0105 Sarneck\u0105, z kt\u00f3r\u0105 ma dw\u00f3ch syn\u00f3w: Jasia i Antosia. Mimo intensywnej kariery muzycznej i aktorskiej<\/p>\n\n\n\n<figure class=\"wp-block-image size-full is-resized\"><img loading=\"lazy\" decoding=\"async\" width=\"900\" height=\"722\" src=\"https:\/\/skolimki.7szkola.pl\/wp-content\/uploads\/2025\/02\/skolim-z-dziecmi-2.jpg\" alt=\"\" class=\"wp-image-130\" style=\"width:492px;height:auto\" srcset=\"https:\/\/skolimki.7szkola.pl\/wp-content\/uploads\/2025\/02\/skolim-z-dziecmi-2.jpg 900w, https:\/\/skolimki.7szkola.pl\/wp-content\/uploads\/2025\/02\/skolim-z-dziecmi-2-300x241.jpg 300w, https:\/\/skolimki.7szkola.pl\/wp-content\/uploads\/2025\/02\/skolim-z-dziecmi-2-768x616.jpg 768w, https:\/\/skolimki.7szkola.pl\/wp-content\/uploads\/2025\/02\/skolim-z-dziecmi-2-75x60.jpg 75w\" sizes=\"auto, (max-width: 900px) 100vw, 900px\" \/><\/figure>\n\n\n\n<p><\/p>\n","protected":false},"excerpt":{"rendered":"<p>Konrad Skolimowski, znany jako Skolim, urodzi\u0142 si\u0119 9 pa\u017adziernika 1996 roku w \u0141ukowie. Jest wszechstronnym artyst\u0105: piosenkarzem, aktorem telewizyjnym oraz zawodnikiem freak fight. Popularno\u015b\u0107 zdoby\u0142 dzi\u0119ki roli Patryka w serialu &#8222;Barwy szcz\u0119\u015bcia&#8221; oraz przebojowi &#8222;Wygl\u0105dasz idealnie&#8221;, kt\u00f3ry osi\u0105gn\u0105\u0142 ponad 207 &hellip; <\/p>\n","protected":false},"author":1,"featured_media":0,"parent":0,"menu_order":0,"comment_status":"closed","ping_status":"closed","template":"","meta":{"footnotes":""},"class_list":["post-24","page","type-page","status-publish","hentry","latest_post"],"_links":{"self":[{"href":"https:\/\/skolimki.7szkola.pl\/index.php\/wp-json\/wp\/v2\/pages\/24","targetHints":{"allow":["GET"]}}],"collection":[{"href":"https:\/\/skolimki.7szkola.pl\/index.php\/wp-json\/wp\/v2\/pages"}],"about":[{"href":"https:\/\/skolimki.7szkola.pl\/index.php\/wp-json\/wp\/v2\/types\/page"}],"author":[{"embeddable":true,"href":"https:\/\/skolimki.7szkola.pl\/index.php\/wp-json\/wp\/v2\/users\/1"}],"replies":[{"embeddable":true,"href":"https:\/\/skolimki.7szkola.pl\/index.php\/wp-json\/wp\/v2\/comments?post=24"}],"version-history":[{"count":4,"href":"https:\/\/skolimki.7szkola.pl\/index.php\/wp-json\/wp\/v2\/pages\/24\/revisions"}],"predecessor-version":[{"id":134,"href":"https:\/\/skolimki.7szkola.pl\/index.php\/wp-json\/wp\/v2\/pages\/24\/revisions\/134"}],"wp:attachment":[{"href":"https:\/\/skolimki.7szkola.pl\/index.php\/wp-json\/wp\/v2\/media?parent=24"}],"curies":[{"name":"wp","href":"https:\/\/api.w.org\/{rel}","templated":true}]}}